{"id":3426,"date":"2026-03-13T15:24:40","date_gmt":"2026-03-13T18:24:40","guid":{"rendered":"https:\/\/uvk.5ab.mywebsitetransfer.com\/?post_type=product&#038;p=3426"},"modified":"2026-03-13T15:29:04","modified_gmt":"2026-03-13T18:29:04","slug":"premezcla-chocolate-zz-1kg","status":"publish","type":"product","link":"https:\/\/zonazeta.uy\/?product=premezcla-chocolate-zz-1kg","title":{"rendered":"Premezcla chocolate ZZ 1kg"},"content":{"rendered":"<p>Esta premezcla de chocolate elaborada en nuestra f\u00e1brica es un producto especialmente dise\u00f1ado para el trabajo en m\u00e1quinas de vending. Contiene chocolate puro de la m\u00e1s alta calidad, leche en polvo y az\u00facar. Perfectamente balanceado para la extracci\u00f3n en vending, cremoso y muy sabroso.<\/p>\n<p>Se vende en bols\u00f3n de 20 kg (consultar por menor cantidad)<\/p>\n<p>Sin TACC<\/p>\n<p>Producto y empaque habilitado<\/p>\n","protected":false},"excerpt":{"rendered":"<p>Esta premezcla de chocolate elaborada en nuestra f\u00e1brica es un producto especialmente dise\u00f1ado para el trabajo en m\u00e1quinas de vending. Contiene chocolate puro de la m\u00e1s alta calidad, leche en polvo y az\u00facar. Perfectamente balanceado para la extracci\u00f3n en vending, cremoso y muy sabroso. Se vende en bols\u00f3n de 20 kg (consultar por menor cantidad) [&hellip;]<\/p>\n","protected":false},"featured_media":3427,"comment_status":"open","ping_status":"closed","template":"","meta":{"_coblocks_attr":"","_coblocks_dimensions":"","_coblocks_responsive_height":"","_coblocks_accordion_ie_support":"","site-sidebar-layout":"default","site-content-layout":"","ast-site-content-layout":"default","site-content-style":"default","site-sidebar-style":"default","ast-global-header-display":"","ast-banner-title-visibility":"","ast-main-header-display":"","ast-hfb-above-header-display":"","ast-hfb-below-header-display":"","ast-hfb-mobile-header-display":"","site-post-title":"","ast-breadcrumbs-content":"","ast-featured-img":"","footer-sml-layout":"","ast-disable-related-posts":"","theme-transparent-header-meta":"default","adv-header-id-meta":"","stick-header-meta":"","header-above-stick-meta":"","header-main-stick-meta":"","header-below-stick-meta":"","astra-migrate-meta-layouts":"set","ast-page-background-enabled":"default","ast-page-background-meta":{"desktop":{"background-color":"","background-image":"","background-repeat":"repeat","background-position":"center center","background-size":"auto","background-attachment":"scroll","background-type":"","background-media":"","overlay-type":"","overlay-color":"","overlay-opacity":"","overlay-gradient":""},"tablet":{"background-color":"","background-image":"","background-repeat":"repeat","background-position":"center center","background-size":"auto","background-attachment":"scroll","background-type":"","background-media":"","overlay-type":"","overlay-color":"","overlay-opacity":"","overlay-gradient":""},"mobile":{"background-color":"","background-image":"","background-repeat":"repeat","background-position":"center center","background-size":"auto","background-attachment":"scroll","background-type":"","background-media":"","overlay-type":"","overlay-color":"","overlay-opacity":"","overlay-gradient":""}},"ast-content-background-meta":{"desktop":{"background-color":"var(--ast-global-color-5)","background-image":"","background-repeat":"repeat","background-position":"center center","background-size":"auto","background-attachment":"scroll","background-type":"","background-media":"","overlay-type":"","overlay-color":"","overlay-opacity":"","overlay-gradient":""},"tablet":{"background-color":"var(--ast-global-color-5)","background-image":"","background-repeat":"repeat","background-position":"center center","background-size":"auto","background-attachment":"scroll","background-type":"","background-media":"","overlay-type":"","overlay-color":"","overlay-opacity":"","overlay-gradient":""},"mobile":{"background-color":"var(--ast-global-color-5)","background-image":"","background-repeat":"repeat","background-position":"center center","background-size":"auto","background-attachment":"scroll","background-type":"","background-media":"","overlay-type":"","overlay-color":"","overlay-opacity":"","overlay-gradient":""}}},"product_brand":[],"product_cat":[48,45],"product_tag":[],"class_list":{"0":"post-3426","1":"product","2":"type-product","3":"status-publish","4":"has-post-thumbnail","6":"product_cat-chocolate","7":"product_cat-insumos","8":"desktop-align-left","9":"tablet-align-left","10":"mobile-align-left","12":"first","13":"instock","14":"shipping-taxable","15":"product-type-simple"},"_links":{"self":[{"href":"https:\/\/zonazeta.uy\/index.php?rest_route=\/wp\/v2\/product\/3426","targetHints":{"allow":["GET"]}}],"collection":[{"href":"https:\/\/zonazeta.uy\/index.php?rest_route=\/wp\/v2\/product"}],"about":[{"href":"https:\/\/zonazeta.uy\/index.php?rest_route=\/wp\/v2\/types\/product"}],"replies":[{"embeddable":true,"href":"https:\/\/zonazeta.uy\/index.php?rest_route=%2Fwp%2Fv2%2Fcomments&post=3426"}],"version-history":[{"count":3,"href":"https:\/\/zonazeta.uy\/index.php?rest_route=\/wp\/v2\/product\/3426\/revisions"}],"predecessor-version":[{"id":3430,"href":"https:\/\/zonazeta.uy\/index.php?rest_route=\/wp\/v2\/product\/3426\/revisions\/3430"}],"wp:featuredmedia":[{"embeddable":true,"href":"https:\/\/zonazeta.uy\/index.php?rest_route=\/wp\/v2\/media\/3427"}],"wp:attachment":[{"href":"https:\/\/zonazeta.uy\/index.php?rest_route=%2Fwp%2Fv2%2Fmedia&parent=3426"}],"wp:term":[{"taxonomy":"product_brand","embeddable":true,"href":"https:\/\/zonazeta.uy\/index.php?rest_route=%2Fwp%2Fv2%2Fproduct_brand&post=3426"},{"taxonomy":"product_cat","embeddable":true,"href":"https:\/\/zonazeta.uy\/index.php?rest_route=%2Fwp%2Fv2%2Fproduct_cat&post=3426"},{"taxonomy":"product_tag","embeddable":true,"href":"https:\/\/zonazeta.uy\/index.php?rest_route=%2Fwp%2Fv2%2Fproduct_tag&post=3426"}],"curies":[{"name":"wp","href":"https:\/\/api.w.org\/{rel}","templated":true}]}}